{"id":1454,"date":"2019-10-21T18:26:29","date_gmt":"2019-10-21T18:26:29","guid":{"rendered":"http:\/\/plsj.plan.wshost.ca\/product\/chieftain\/"},"modified":"2022-04-06T22:24:07","modified_gmt":"2022-04-06T22:24:07","slug":"chieftain","status":"publish","type":"product","link":"https:\/\/plsj.plan.wshost.ca\/en\/product\/chieftain\/","title":{"rendered":"Chieftain"},"content":{"rendered":"<p class=\"p1\"><span class=\"s1\">Chieftain is a high yielding variety, used for boiled potatoes and fresh cut fries with a dark color<\/span><\/p>\n<p>Note : <span class=\"s1\">Black leg and harvest cracking susceptibility<\/span><\/p>\n","protected":false},"excerpt":{"rendered":"<h2><span data-sheets-value=\"{&quot;1&quot;:2,&quot;2&quot;:&quot;Le cultivar Yukon Gold est reconnu pour son apparence et son go\u00fbt, de m\u00eame que son aptitude \u00e0 la conservation&quot;}\" data-sheets-userformat=\"{&quot;2&quot;:10749,&quot;3&quot;:{&quot;1&quot;:0,&quot;3&quot;:1},&quot;5&quot;:{&quot;1&quot;:[{&quot;1&quot;:2,&quot;2&quot;:0,&quot;5&quot;:[null,2,0]},{&quot;1&quot;:0,&quot;2&quot;:0,&quot;3&quot;:3},{&quot;1&quot;:1,&quot;2&quot;:0,&quot;4&quot;:1}]},&quot;6&quot;:{&quot;1&quot;:[{&quot;1&quot;:2,&quot;2&quot;:0,&quot;5&quot;:[null,2,0]},{&quot;1&quot;:0,&quot;2&quot;:0,&quot;3&quot;:3},{&quot;1&quot;:1,&quot;2&quot;:0,&quot;4&quot;:1}]},&quot;7&quot;:{&quot;1&quot;:[{&quot;1&quot;:2,&quot;2&quot;:0,&quot;5&quot;:[null,2,0]},{&quot;1&quot;:0,&quot;2&quot;:0,&quot;3&quot;:3},{&quot;1&quot;:1,&quot;2&quot;:0,&quot;4&quot;:1}]},&quot;8&quot;:{&quot;1&quot;:[{&quot;1&quot;:2,&quot;2&quot;:0,&quot;5&quot;:[null,2,0]},{&quot;1&quot;:0,&quot;2&quot;:0,&quot;3&quot;:3},{&quot;1&quot;:1,&quot;2&quot;:0,&quot;4&quot;:1}]},&quot;9&quot;:1,&quot;10&quot;:1,&quot;11&quot;:4,&quot;14&quot;:{&quot;1&quot;:3,&quot;3&quot;:1},&quot;16&quot;:11}\">Chieftain<\/span><\/h2>\n<p>&nbsp;<\/p>\n<p>&nbsp;<\/p>\n","protected":false},"featured_media":1079,"template":"","meta":[],"product_brand":[],"product_cat":[79],"product_tag":[],"class_list":{"0":"post-1454","1":"product","2":"type-product","3":"status-publish","4":"has-post-thumbnail","6":"product_cat-uncategorized-en","7":" nt-post-class","9":"first","10":"instock","11":"shipping-taxable","12":"product-type-simple"},"_links":{"self":[{"href":"https:\/\/plsj.plan.wshost.ca\/en\/wp-json\/wp\/v2\/product\/1454","targetHints":{"allow":["GET"]}}],"collection":[{"href":"https:\/\/plsj.plan.wshost.ca\/en\/wp-json\/wp\/v2\/product"}],"about":[{"href":"https:\/\/plsj.plan.wshost.ca\/en\/wp-json\/wp\/v2\/types\/product"}],"wp:featuredmedia":[{"embeddable":true,"href":"https:\/\/plsj.plan.wshost.ca\/en\/wp-json\/wp\/v2\/media\/1079"}],"wp:attachment":[{"href":"https:\/\/plsj.plan.wshost.ca\/en\/wp-json\/wp\/v2\/media?parent=1454"}],"wp:term":[{"taxonomy":"product_brand","embeddable":true,"href":"https:\/\/plsj.plan.wshost.ca\/en\/wp-json\/wp\/v2\/product_brand?post=1454"},{"taxonomy":"product_cat","embeddable":true,"href":"https:\/\/plsj.plan.wshost.ca\/en\/wp-json\/wp\/v2\/product_cat?post=1454"},{"taxonomy":"product_tag","embeddable":true,"href":"https:\/\/plsj.plan.wshost.ca\/en\/wp-json\/wp\/v2\/product_tag?post=1454"}],"curies":[{"name":"wp","href":"https:\/\/api.w.org\/{rel}","templated":true}]}}